{"id":2,"date":"2018-11-13T14:15:33","date_gmt":"2018-11-13T14:15:33","guid":{"rendered":"http:\/\/njegosgazdic.org\/?page_id=2"},"modified":"2018-11-16T18:06:30","modified_gmt":"2018-11-16T17:06:30","slug":"o-njegosu","status":"publish","type":"page","link":"https:\/\/njegosgazdic.org\/","title":{"rendered":"O Njego\u0161u"},"content":{"rendered":"<p style=\"text-align: justify;\">Ne postoje re\u010di koje, u dovoljnoj meri, mogu opisati kakav je Njego\u0161 Gazdi\u0107 bio i na koji na\u010din je uticao na na\u0161e \u017eivote. Ko god je imao sre\u0107u da ga upozna, vrlo brzo je shvatao o kakvom se \u010doveku radi. Pametan, nasmejan, opu\u0161ten, nenametljiv, \u0161irokih shvatanja i \u0161irokog srca. Na njegovom licu, te\u0161ko je ko mogao videti tugu, poti\u0161tenost, probleme. On je to ve\u0161to skrivao i uvek uspevao da nas sve iznenadi sa jo\u0161 po nekom \u0161alom kojih je imao na pretek.<\/p>\n<p style=\"text-align: justify;\">Mi, njegovi prijatelji, osnovali smo Fondaciju Njego\u0161 Gazdi\u0107, da bismo slavili njegov \u017eivot i da bismo nastavili da pozitivno uti\u010demo na mlade ljude u njegovom rodnom \u010cajni\u010du.<\/p>\n<p style=\"text-align: justify;\">Tokom godine \u0107emo prikupljati sredstva koja \u0107e biti dodeljena najboljim maturantima srednje \u0161kole, kojima je pomo\u0107 potrebna za njihovo dalje \u0161kolovanje i usavr\u0161avanje.<\/p>\n<p><strong>\u0160ta zna\u010di prijateljstvo?<\/strong><br \/>\n<strong>Biti u svemu prisutan ali Nevidljiv. Bezglasan. Nenametljiv. <\/strong><br \/>\n<em><strong>Mika Anti\u0107<\/strong><\/em><\/p>\n","protected":false},"excerpt":{"rendered":"<p>Ne postoje re\u010di koje, u dovoljnoj meri, mogu opisati kakav je Njego\u0161 Gazdi\u0107 bio i na koji na\u010din je uticao na na\u0161e \u017eivote. Ko god je imao sre\u0107u da ga upozna, vrlo brzo je shvatao o kakvom se \u010doveku radi. Pametan, nasmejan, opu\u0161ten, nenametljiv, \u0161irokih shvatanja i \u0161irokog srca. Na njegovom licu, te\u0161ko je ko &hellip; <a href=\"https:\/\/njegosgazdic.org\/\" class=\"more-link\">Continue reading <span class=\"screen-reader-text\">O Njego\u0161u<\/span><\/a><\/p>\n","protected":false},"author":1,"featured_media":0,"parent":0,"menu_order":0,"comment_status":"closed","ping_status":"closed","template":"","meta":{"footnotes":""},"class_list":["post-2","page","type-page","status-publish","hentry"],"_links":{"self":[{"href":"https:\/\/njegosgazdic.org\/index.php\/wp-json\/wp\/v2\/pages\/2","targetHints":{"allow":["GET"]}}],"collection":[{"href":"https:\/\/njegosgazdic.org\/index.php\/wp-json\/wp\/v2\/pages"}],"about":[{"href":"https:\/\/njegosgazdic.org\/index.php\/wp-json\/wp\/v2\/types\/page"}],"author":[{"embeddable":true,"href":"https:\/\/njegosgazdic.org\/index.php\/wp-json\/wp\/v2\/users\/1"}],"replies":[{"embeddable":true,"href":"https:\/\/njegosgazdic.org\/index.php\/wp-json\/wp\/v2\/comments?post=2"}],"version-history":[{"count":8,"href":"https:\/\/njegosgazdic.org\/index.php\/wp-json\/wp\/v2\/pages\/2\/revisions"}],"predecessor-version":[{"id":55,"href":"https:\/\/njegosgazdic.org\/index.php\/wp-json\/wp\/v2\/pages\/2\/revisions\/55"}],"wp:attachment":[{"href":"https:\/\/njegosgazdic.org\/index.php\/wp-json\/wp\/v2\/media?parent=2"}],"curies":[{"name":"wp","href":"https:\/\/api.w.org\/{rel}","templated":true}]}}