{"id":3,"date":"2018-11-13T14:15:33","date_gmt":"2018-11-13T14:15:33","guid":{"rendered":"http:\/\/njegosgazdic.org\/?page_id=3"},"modified":"2018-11-16T11:38:28","modified_gmt":"2018-11-16T10:38:28","slug":"kontakt","status":"publish","type":"page","link":"https:\/\/njegosgazdic.org\/index.php\/kontakt\/","title":{"rendered":"Kontakt"},"content":{"rendered":"<p>Adresa: Trg Ilid\u017eanske brigade BB, Isto\u010dno Novo Sarajevo, BiH<br \/>\nE-mail: <a href=\"mailto:office@nit-solutions.net\">office@nit-solutions.net<\/a><\/p>\n<h3>Podaci za uplatu iz BiH<\/h3>\n<p>Fondacija Njego\u0161 Gazdi\u0107<br \/>\nBroj ra\u010duna: 395550000037494398<br \/>\nNova Banka AD, Banja Luka<\/p>\n<h3>Podaci za uplatu iz inostranstva<\/h3>\n<p>Intermediary:<strong><br \/>\n<\/strong>Commerzbank AG, Frankfurt am Main, DEU<br \/>\nSwift: COBADEFFXXX<\/p>\n<p>Account with institution:<strong><br \/>\n<\/strong>Nova Banka AD, Banja Luka, BiH<br \/>\nSwift: NOBIBA22<\/p>\n<p>Beneficiary:<br \/>\nBA395550000037494398<br \/>\nFondacija Njego\u0161 Gazdi\u0107<br \/>\nTrg Ilid\u017eanske brigade BB, Isto\u010dno Novo Sarajevo, BiH<\/p>\n","protected":false},"excerpt":{"rendered":"<p>Adresa: Trg Ilid\u017eanske brigade BB, Isto\u010dno Novo Sarajevo, BiH E-mail: office@nit-solutions.net Podaci za uplatu iz BiH Fondacija Njego\u0161 Gazdi\u0107 Broj ra\u010duna: 395550000037494398 Nova Banka AD, Banja Luka Podaci za uplatu iz inostranstva Intermediary: Commerzbank AG, Frankfurt am Main, DEU Swift: COBADEFFXXX Account with institution: Nova Banka AD, Banja Luka, BiH Swift: NOBIBA22 Beneficiary: BA395550000037494398 Fondacija &hellip; <a href=\"https:\/\/njegosgazdic.org\/index.php\/kontakt\/\" class=\"more-link\">Continue reading <span class=\"screen-reader-text\">Kontakt<\/span><\/a><\/p>\n","protected":false},"author":1,"featured_media":0,"parent":0,"menu_order":1,"comment_status":"closed","ping_status":"closed","template":"","meta":{"footnotes":""},"class_list":["post-3","page","type-page","status-publish","hentry"],"_links":{"self":[{"href":"https:\/\/njegosgazdic.org\/index.php\/wp-json\/wp\/v2\/pages\/3","targetHints":{"allow":["GET"]}}],"collection":[{"href":"https:\/\/njegosgazdic.org\/index.php\/wp-json\/wp\/v2\/pages"}],"about":[{"href":"https:\/\/njegosgazdic.org\/index.php\/wp-json\/wp\/v2\/types\/page"}],"author":[{"embeddable":true,"href":"https:\/\/njegosgazdic.org\/index.php\/wp-json\/wp\/v2\/users\/1"}],"replies":[{"embeddable":true,"href":"https:\/\/njegosgazdic.org\/index.php\/wp-json\/wp\/v2\/comments?post=3"}],"version-history":[{"count":9,"href":"https:\/\/njegosgazdic.org\/index.php\/wp-json\/wp\/v2\/pages\/3\/revisions"}],"predecessor-version":[{"id":54,"href":"https:\/\/njegosgazdic.org\/index.php\/wp-json\/wp\/v2\/pages\/3\/revisions\/54"}],"wp:attachment":[{"href":"https:\/\/njegosgazdic.org\/index.php\/wp-json\/wp\/v2\/media?parent=3"}],"curies":[{"name":"wp","href":"https:\/\/api.w.org\/{rel}","templated":true}]}}